{"id":47694,"date":"2025-11-11T19:58:35","date_gmt":"2025-11-11T18:58:35","guid":{"rendered":"https:\/\/centrokiroma.com\/?post_type=product&#038;p=47694"},"modified":"2025-12-19T18:58:32","modified_gmt":"2025-12-19T17:58:32","slug":"masaje-alivio-de-dolor-muscular","status":"publish","type":"product","link":"https:\/\/centrokiroma.com\/ca\/serveis-massatges\/masaje-alivio-de-dolor-muscular\/","title":{"rendered":"Massatge d\u2019alleujament del dolor muscular"},"content":{"rendered":"","protected":false},"excerpt":{"rendered":"<p data-start=\"764\" data-end=\"1014\">El tractament se centra a alleujar espasmes musculars, rigidesa o tensi\u00f3 causats per l'estr\u00e8s, l'exercici o una mala postura. S'utilitzen manipulacions profundes, pressi\u00f3 localitzada i t\u00e8cniques d'estirament adaptades a cada zona afectada.<\/p>\n<p data-start=\"1016\" data-end=\"1271\"><strong data-start=\"1016\" data-end=\"1031\">Beneficis:<\/strong> redueix el dolor i la inflamaci\u00f3, millora la mobilitat, accelera la recuperaci\u00f3 muscular i proporciona una sensaci\u00f3 immediata d'alleujament i lleugeresa.<\/p>","protected":false},"featured_media":47314,"comment_status":"open","ping_status":"closed","template":"","meta":{"_acf_changed":false},"product_brand":[],"product_cat":[67],"product_tag":[],"class_list":{"0":"post-47694","1":"product","2":"type-product","3":"status-publish","4":"has-post-thumbnail","6":"product_cat-masajes","8":"first","9":"instock","10":"sold-individually","11":"shipping-taxable","12":"purchasable","13":"product-type-booking"},"acf":[],"yoast_head":"<!-- This site is optimized with the Yoast SEO Premium plugin v26.6 (Yoast SEO v26.6) - https:\/\/yoast.com\/wordpress\/plugins\/seo\/ -->\n<title>Masaje alivio de dolor muscular - Centro Kiroma<\/title>\n<meta name=\"robots\" content=\"index, follow, max-snippet:-1, max-image-preview:large, max-video-preview:-1\" \/>\n<link rel=\"canonical\" href=\"https:\/\/centrokiroma.com\/ca\/serveis-massatges\/masaje-alivio-de-dolor-muscular\/\" \/>\n<meta property=\"og:locale\" content=\"ca_ES\" \/>\n<meta property=\"og:type\" content=\"article\" \/>\n<meta property=\"og:title\" content=\"Masaje alivio de dolor muscular\" \/>\n<meta property=\"og:description\" content=\"Tratamiento enfocado en aliviar contracturas, rigidez o sobrecargas musculares provocadas por el estr\u00e9s, el ejercicio o malas posturas. Se emplean maniobras profundas, presiones localizadas y t\u00e9cnicas de estiramiento adaptadas a cada zona afectada. Beneficios: disminuye el dolor y la inflamaci\u00f3n, mejora la movilidad, acelera la recuperaci\u00f3n muscular y proporciona una sensaci\u00f3n de alivio y ligereza inmediata.\" \/>\n<meta property=\"og:url\" content=\"https:\/\/centrokiroma.com\/ca\/serveis-massatges\/masaje-alivio-de-dolor-muscular\/\" \/>\n<meta property=\"og:site_name\" content=\"Centro Kiroma\" \/>\n<meta property=\"article:modified_time\" content=\"2025-12-19T17:58:32+00:00\" \/>\n<meta property=\"og:image\" content=\"https:\/\/centrokiroma.com\/wp-content\/uploads\/2025\/11\/dolor-muscular.jpg\" \/>\n\t<meta property=\"og:image:width\" content=\"1000\" \/>\n\t<meta property=\"og:image:height\" content=\"657\" \/>\n\t<meta property=\"og:image:type\" content=\"image\/jpeg\" \/>\n<meta name=\"twitter:card\" content=\"summary_large_image\" \/>\n<meta name=\"twitter:label1\" content=\"Temps estimat de lectura\" \/>\n\t<meta name=\"twitter:data1\" content=\"1 minut\" \/>\n<script type=\"application\/ld+json\" class=\"yoast-schema-graph\">{\"@context\":\"https:\/\/schema.org\",\"@graph\":[{\"@type\":\"WebPage\",\"@id\":\"https:\/\/centrokiroma.com\/servicios-masajes\/masaje-alivio-de-dolor-muscular\/\",\"url\":\"https:\/\/centrokiroma.com\/servicios-masajes\/masaje-alivio-de-dolor-muscular\/\",\"name\":\"Masaje alivio de dolor muscular - Centro Kiroma\",\"isPartOf\":{\"@id\":\"https:\/\/centrokiroma.com\/#website\"},\"primaryImageOfPage\":{\"@id\":\"https:\/\/centrokiroma.com\/servicios-masajes\/masaje-alivio-de-dolor-muscular\/#primaryimage\"},\"image\":{\"@id\":\"https:\/\/centrokiroma.com\/servicios-masajes\/masaje-alivio-de-dolor-muscular\/#primaryimage\"},\"thumbnailUrl\":\"https:\/\/centrokiroma.com\/wp-content\/uploads\/2025\/11\/dolor-muscular.jpg\",\"datePublished\":\"2025-11-11T18:58:35+00:00\",\"dateModified\":\"2025-12-19T17:58:32+00:00\",\"breadcrumb\":{\"@id\":\"https:\/\/centrokiroma.com\/servicios-masajes\/masaje-alivio-de-dolor-muscular\/#breadcrumb\"},\"inLanguage\":\"ca\",\"potentialAction\":[{\"@type\":\"ReadAction\",\"target\":[\"https:\/\/centrokiroma.com\/servicios-masajes\/masaje-alivio-de-dolor-muscular\/\"]}]},{\"@type\":\"ImageObject\",\"inLanguage\":\"ca\",\"@id\":\"https:\/\/centrokiroma.com\/servicios-masajes\/masaje-alivio-de-dolor-muscular\/#primaryimage\",\"url\":\"https:\/\/centrokiroma.com\/wp-content\/uploads\/2025\/11\/dolor-muscular.jpg\",\"contentUrl\":\"https:\/\/centrokiroma.com\/wp-content\/uploads\/2025\/11\/dolor-muscular.jpg\",\"width\":1000,\"height\":657},{\"@type\":\"BreadcrumbList\",\"@id\":\"https:\/\/centrokiroma.com\/servicios-masajes\/masaje-alivio-de-dolor-muscular\/#breadcrumb\",\"itemListElement\":[{\"@type\":\"ListItem\",\"position\":1,\"name\":\"Portada\",\"item\":\"https:\/\/centrokiroma.com\/\"},{\"@type\":\"ListItem\",\"position\":2,\"name\":\"Productos\",\"item\":\"https:\/\/centrokiroma.com\/shop__trashed\/\"},{\"@type\":\"ListItem\",\"position\":3,\"name\":\"Masaje alivio de dolor muscular\"}]},{\"@type\":\"WebSite\",\"@id\":\"https:\/\/centrokiroma.com\/#website\",\"url\":\"https:\/\/centrokiroma.com\/\",\"name\":\"Kiroma - Centre de massatges | Est\u00e8tica les torres\",\"description\":\"A Kiroma creiem en l\u2019equilibri entre cos, ment i benestar emocional. Cada tractament est\u00e0 dissenyat per connectar amb tu, alleujar tensions i cuidar la bellesa des de la calma.\",\"alternateName\":\"Kiroma - Massatges & Est\u00e8tica\",\"potentialAction\":[{\"@type\":\"SearchAction\",\"target\":{\"@type\":\"EntryPoint\",\"urlTemplate\":\"https:\/\/centrokiroma.com\/?s={search_term_string}\"},\"query-input\":{\"@type\":\"PropertyValueSpecification\",\"valueRequired\":true,\"valueName\":\"search_term_string\"}}],\"inLanguage\":\"ca\"}]}<\/script>\n<!-- \/ Yoast SEO Premium plugin. -->","yoast_head_json":{"title":"Masaje alivio de dolor muscular - Centro Kiroma","robots":{"index":"index","follow":"follow","max-snippet":"max-snippet:-1","max-image-preview":"max-image-preview:large","max-video-preview":"max-video-preview:-1"},"canonical":"https:\/\/centrokiroma.com\/ca\/serveis-massatges\/masaje-alivio-de-dolor-muscular\/","og_locale":"ca_ES","og_type":"article","og_title":"Masaje alivio de dolor muscular","og_description":"Tratamiento enfocado en aliviar contracturas, rigidez o sobrecargas musculares provocadas por el estr\u00e9s, el ejercicio o malas posturas. Se emplean maniobras profundas, presiones localizadas y t\u00e9cnicas de estiramiento adaptadas a cada zona afectada. Beneficios: disminuye el dolor y la inflamaci\u00f3n, mejora la movilidad, acelera la recuperaci\u00f3n muscular y proporciona una sensaci\u00f3n de alivio y ligereza inmediata.","og_url":"https:\/\/centrokiroma.com\/ca\/serveis-massatges\/masaje-alivio-de-dolor-muscular\/","og_site_name":"Centro Kiroma","article_modified_time":"2025-12-19T17:58:32+00:00","og_image":[{"width":1000,"height":657,"url":"https:\/\/centrokiroma.com\/wp-content\/uploads\/2025\/11\/dolor-muscular.jpg","type":"image\/jpeg"}],"twitter_card":"summary_large_image","twitter_misc":{"Temps estimat de lectura":"1 minut"},"schema":{"@context":"https:\/\/schema.org","@graph":[{"@type":"WebPage","@id":"https:\/\/centrokiroma.com\/servicios-masajes\/masaje-alivio-de-dolor-muscular\/","url":"https:\/\/centrokiroma.com\/servicios-masajes\/masaje-alivio-de-dolor-muscular\/","name":"Masaje alivio de dolor muscular - Centro Kiroma","isPartOf":{"@id":"https:\/\/centrokiroma.com\/#website"},"primaryImageOfPage":{"@id":"https:\/\/centrokiroma.com\/servicios-masajes\/masaje-alivio-de-dolor-muscular\/#primaryimage"},"image":{"@id":"https:\/\/centrokiroma.com\/servicios-masajes\/masaje-alivio-de-dolor-muscular\/#primaryimage"},"thumbnailUrl":"https:\/\/centrokiroma.com\/wp-content\/uploads\/2025\/11\/dolor-muscular.jpg","datePublished":"2025-11-11T18:58:35+00:00","dateModified":"2025-12-19T17:58:32+00:00","breadcrumb":{"@id":"https:\/\/centrokiroma.com\/servicios-masajes\/masaje-alivio-de-dolor-muscular\/#breadcrumb"},"inLanguage":"ca","potentialAction":[{"@type":"ReadAction","target":["https:\/\/centrokiroma.com\/servicios-masajes\/masaje-alivio-de-dolor-muscular\/"]}]},{"@type":"ImageObject","inLanguage":"ca","@id":"https:\/\/centrokiroma.com\/servicios-masajes\/masaje-alivio-de-dolor-muscular\/#primaryimage","url":"https:\/\/centrokiroma.com\/wp-content\/uploads\/2025\/11\/dolor-muscular.jpg","contentUrl":"https:\/\/centrokiroma.com\/wp-content\/uploads\/2025\/11\/dolor-muscular.jpg","width":1000,"height":657},{"@type":"BreadcrumbList","@id":"https:\/\/centrokiroma.com\/servicios-masajes\/masaje-alivio-de-dolor-muscular\/#breadcrumb","itemListElement":[{"@type":"ListItem","position":1,"name":"Portada","item":"https:\/\/centrokiroma.com\/"},{"@type":"ListItem","position":2,"name":"Productos","item":"https:\/\/centrokiroma.com\/shop__trashed\/"},{"@type":"ListItem","position":3,"name":"Masaje alivio de dolor muscular"}]},{"@type":"WebSite","@id":"https:\/\/centrokiroma.com\/#website","url":"https:\/\/centrokiroma.com\/","name":"Kiroma - Centre de massatges | Est\u00e8tica les torres","description":"A Kiroma creiem en l\u2019equilibri entre cos, ment i benestar emocional. Cada tractament est\u00e0 dissenyat per connectar amb tu, alleujar tensions i cuidar la bellesa des de la calma.","alternateName":"Kiroma - Massatges & Est\u00e8tica","potentialAction":[{"@type":"SearchAction","target":{"@type":"EntryPoint","urlTemplate":"https:\/\/centrokiroma.com\/?s={search_term_string}"},"query-input":{"@type":"PropertyValueSpecification","valueRequired":true,"valueName":"search_term_string"}}],"inLanguage":"ca"}]}},"_links":{"self":[{"href":"https:\/\/centrokiroma.com\/ca\/wp-json\/wp\/v2\/product\/47694","targetHints":{"allow":["GET"]}}],"collection":[{"href":"https:\/\/centrokiroma.com\/ca\/wp-json\/wp\/v2\/product"}],"about":[{"href":"https:\/\/centrokiroma.com\/ca\/wp-json\/wp\/v2\/types\/product"}],"replies":[{"embeddable":true,"href":"https:\/\/centrokiroma.com\/ca\/wp-json\/wp\/v2\/comments?post=47694"}],"version-history":[{"count":0,"href":"https:\/\/centrokiroma.com\/ca\/wp-json\/wp\/v2\/product\/47694\/revisions"}],"wp:featuredmedia":[{"embeddable":true,"href":"https:\/\/centrokiroma.com\/ca\/wp-json\/wp\/v2\/media\/47314"}],"wp:attachment":[{"href":"https:\/\/centrokiroma.com\/ca\/wp-json\/wp\/v2\/media?parent=47694"}],"wp:term":[{"taxonomy":"product_brand","embeddable":true,"href":"https:\/\/centrokiroma.com\/ca\/wp-json\/wp\/v2\/product_brand?post=47694"},{"taxonomy":"product_cat","embeddable":true,"href":"https:\/\/centrokiroma.com\/ca\/wp-json\/wp\/v2\/product_cat?post=47694"},{"taxonomy":"product_tag","embeddable":true,"href":"https:\/\/centrokiroma.com\/ca\/wp-json\/wp\/v2\/product_tag?post=47694"}],"curies":[{"name":"wp","href":"https:\/\/api.w.org\/{rel}","templated":true}]}}