{"id":48094,"date":"2025-11-22T11:36:08","date_gmt":"2025-11-22T10:36:08","guid":{"rendered":"https:\/\/centrokiroma.com\/?post_type=product&#038;p=48094"},"modified":"2025-12-23T09:11:29","modified_gmt":"2025-12-23T08:11:29","slug":"massatge-relaxant","status":"publish","type":"product","link":"https:\/\/centrokiroma.com\/ca\/serveis-massatges\/massatge-relaxant\/","title":{"rendered":"Massatge relaxant"},"content":{"rendered":"","protected":false},"excerpt":{"rendered":"<p data-start=\"113\" data-end=\"404\">Tractament corporal orientat a la relaxaci\u00f3 profunda del cos i la ment, ideal per reduir l\u2019estr\u00e8s, les tensions acumulades i el cansament diari. S\u2019apliquen maniobres suaus i r\u00edtmiques, passades llargues, pressions moderades i t\u00e8cniques envoltants adaptades a les necessitats de cada persona.<\/p>\n<p data-start=\"406\" data-end=\"579\" data-is-last-node=\"\" data-is-only-node=\"\"><strong data-start=\"406\" data-end=\"421\">Beneficis:<\/strong> afavoreix la relaxaci\u00f3, redueix l\u2019estr\u00e8s i l\u2019ansietat, millora la circulaci\u00f3, aporta benestar general i ajuda a recuperar l\u2019equilibri f\u00edsic i mental.<\/p>","protected":false},"featured_media":51139,"comment_status":"closed","ping_status":"closed","template":"","meta":{"_acf_changed":false},"product_brand":[],"product_cat":[67],"product_tag":[],"class_list":{"0":"post-48094","1":"product","2":"type-product","3":"status-publish","4":"has-post-thumbnail","6":"product_cat-masajes","8":"first","9":"instock","10":"virtual","11":"sold-individually","12":"purchasable","13":"product-type-booking"},"acf":[],"yoast_head":"<!-- This site is optimized with the Yoast SEO Premium plugin v26.6 (Yoast SEO v26.6) - https:\/\/yoast.com\/wordpress\/plugins\/seo\/ -->\n<title>Masaje relajante - Centro Kiroma<\/title>\n<meta name=\"robots\" content=\"index, follow, max-snippet:-1, max-image-preview:large, max-video-preview:-1\" \/>\n<link rel=\"canonical\" href=\"https:\/\/centrokiroma.com\/ca\/serveis-massatges\/massatge-relaxant\/\" \/>\n<meta property=\"og:locale\" content=\"ca_ES\" \/>\n<meta property=\"og:type\" content=\"article\" \/>\n<meta property=\"og:title\" content=\"Masaje relajante\" \/>\n<meta property=\"og:description\" content=\"Tratamiento corporal orientado a la relajaci\u00f3n profunda del cuerpo y la mente, ideal para reducir el estr\u00e9s, la tensi\u00f3n acumulada y la fatiga diaria. Se emplean maniobras suaves y r\u00edtmicas, pases largos, presiones moderadas y t\u00e9cnicas envolventes adaptadas a las necesidades de cada persona. Beneficios: favorece la relajaci\u00f3n, disminuye el estr\u00e9s y la ansiedad, mejora la circulaci\u00f3n, aporta bienestar general y ayuda a recuperar el equilibrio f\u00edsico y mental.\" \/>\n<meta property=\"og:url\" content=\"https:\/\/centrokiroma.com\/ca\/serveis-massatges\/massatge-relaxant\/\" \/>\n<meta property=\"og:site_name\" content=\"Centro Kiroma\" \/>\n<meta property=\"article:modified_time\" content=\"2025-12-23T08:11:29+00:00\" \/>\n<meta property=\"og:image\" content=\"https:\/\/centrokiroma.com\/wp-content\/uploads\/2025\/11\/Masaje-2-1.jpeg\" \/>\n\t<meta property=\"og:image:width\" content=\"879\" \/>\n\t<meta property=\"og:image:height\" content=\"1098\" \/>\n\t<meta property=\"og:image:type\" content=\"image\/jpeg\" \/>\n<meta name=\"twitter:card\" content=\"summary_large_image\" \/>\n<meta name=\"twitter:label1\" content=\"Temps estimat de lectura\" \/>\n\t<meta name=\"twitter:data1\" content=\"1 minut\" \/>\n<script type=\"application\/ld+json\" class=\"yoast-schema-graph\">{\"@context\":\"https:\/\/schema.org\",\"@graph\":[{\"@type\":\"WebPage\",\"@id\":\"https:\/\/centrokiroma.com\/servicios-masajes\/masaje-relajante\/\",\"url\":\"https:\/\/centrokiroma.com\/servicios-masajes\/masaje-relajante\/\",\"name\":\"Masaje relajante - Centro Kiroma\",\"isPartOf\":{\"@id\":\"https:\/\/centrokiroma.com\/#website\"},\"primaryImageOfPage\":{\"@id\":\"https:\/\/centrokiroma.com\/servicios-masajes\/masaje-relajante\/#primaryimage\"},\"image\":{\"@id\":\"https:\/\/centrokiroma.com\/servicios-masajes\/masaje-relajante\/#primaryimage\"},\"thumbnailUrl\":\"https:\/\/centrokiroma.com\/wp-content\/uploads\/2025\/11\/Masaje-2-1.jpeg\",\"datePublished\":\"2025-11-22T10:36:08+00:00\",\"dateModified\":\"2025-12-23T08:11:29+00:00\",\"breadcrumb\":{\"@id\":\"https:\/\/centrokiroma.com\/servicios-masajes\/masaje-relajante\/#breadcrumb\"},\"inLanguage\":\"ca\",\"potentialAction\":[{\"@type\":\"ReadAction\",\"target\":[\"https:\/\/centrokiroma.com\/servicios-masajes\/masaje-relajante\/\"]}]},{\"@type\":\"ImageObject\",\"inLanguage\":\"ca\",\"@id\":\"https:\/\/centrokiroma.com\/servicios-masajes\/masaje-relajante\/#primaryimage\",\"url\":\"https:\/\/centrokiroma.com\/wp-content\/uploads\/2025\/11\/Masaje-2-1.jpeg\",\"contentUrl\":\"https:\/\/centrokiroma.com\/wp-content\/uploads\/2025\/11\/Masaje-2-1.jpeg\",\"width\":879,\"height\":1098},{\"@type\":\"BreadcrumbList\",\"@id\":\"https:\/\/centrokiroma.com\/servicios-masajes\/masaje-relajante\/#breadcrumb\",\"itemListElement\":[{\"@type\":\"ListItem\",\"position\":1,\"name\":\"Portada\",\"item\":\"https:\/\/centrokiroma.com\/\"},{\"@type\":\"ListItem\",\"position\":2,\"name\":\"Productos\",\"item\":\"https:\/\/centrokiroma.com\/shop__trashed\/\"},{\"@type\":\"ListItem\",\"position\":3,\"name\":\"Masaje relajante\"}]},{\"@type\":\"WebSite\",\"@id\":\"https:\/\/centrokiroma.com\/#website\",\"url\":\"https:\/\/centrokiroma.com\/\",\"name\":\"Kiroma - Centre de massatges | Est\u00e8tica les torres\",\"description\":\"A Kiroma creiem en l\u2019equilibri entre cos, ment i benestar emocional. Cada tractament est\u00e0 dissenyat per connectar amb tu, alleujar tensions i cuidar la bellesa des de la calma.\",\"alternateName\":\"Kiroma - Massatges & Est\u00e8tica\",\"potentialAction\":[{\"@type\":\"SearchAction\",\"target\":{\"@type\":\"EntryPoint\",\"urlTemplate\":\"https:\/\/centrokiroma.com\/?s={search_term_string}\"},\"query-input\":{\"@type\":\"PropertyValueSpecification\",\"valueRequired\":true,\"valueName\":\"search_term_string\"}}],\"inLanguage\":\"ca\"}]}<\/script>\n<!-- \/ Yoast SEO Premium plugin. -->","yoast_head_json":{"title":"Masaje relajante - Centro Kiroma","robots":{"index":"index","follow":"follow","max-snippet":"max-snippet:-1","max-image-preview":"max-image-preview:large","max-video-preview":"max-video-preview:-1"},"canonical":"https:\/\/centrokiroma.com\/ca\/serveis-massatges\/massatge-relaxant\/","og_locale":"ca_ES","og_type":"article","og_title":"Masaje relajante","og_description":"Tratamiento corporal orientado a la relajaci\u00f3n profunda del cuerpo y la mente, ideal para reducir el estr\u00e9s, la tensi\u00f3n acumulada y la fatiga diaria. Se emplean maniobras suaves y r\u00edtmicas, pases largos, presiones moderadas y t\u00e9cnicas envolventes adaptadas a las necesidades de cada persona. Beneficios: favorece la relajaci\u00f3n, disminuye el estr\u00e9s y la ansiedad, mejora la circulaci\u00f3n, aporta bienestar general y ayuda a recuperar el equilibrio f\u00edsico y mental.","og_url":"https:\/\/centrokiroma.com\/ca\/serveis-massatges\/massatge-relaxant\/","og_site_name":"Centro Kiroma","article_modified_time":"2025-12-23T08:11:29+00:00","og_image":[{"width":879,"height":1098,"url":"https:\/\/centrokiroma.com\/wp-content\/uploads\/2025\/11\/Masaje-2-1.jpeg","type":"image\/jpeg"}],"twitter_card":"summary_large_image","twitter_misc":{"Temps estimat de lectura":"1 minut"},"schema":{"@context":"https:\/\/schema.org","@graph":[{"@type":"WebPage","@id":"https:\/\/centrokiroma.com\/servicios-masajes\/masaje-relajante\/","url":"https:\/\/centrokiroma.com\/servicios-masajes\/masaje-relajante\/","name":"Masaje relajante - Centro Kiroma","isPartOf":{"@id":"https:\/\/centrokiroma.com\/#website"},"primaryImageOfPage":{"@id":"https:\/\/centrokiroma.com\/servicios-masajes\/masaje-relajante\/#primaryimage"},"image":{"@id":"https:\/\/centrokiroma.com\/servicios-masajes\/masaje-relajante\/#primaryimage"},"thumbnailUrl":"https:\/\/centrokiroma.com\/wp-content\/uploads\/2025\/11\/Masaje-2-1.jpeg","datePublished":"2025-11-22T10:36:08+00:00","dateModified":"2025-12-23T08:11:29+00:00","breadcrumb":{"@id":"https:\/\/centrokiroma.com\/servicios-masajes\/masaje-relajante\/#breadcrumb"},"inLanguage":"ca","potentialAction":[{"@type":"ReadAction","target":["https:\/\/centrokiroma.com\/servicios-masajes\/masaje-relajante\/"]}]},{"@type":"ImageObject","inLanguage":"ca","@id":"https:\/\/centrokiroma.com\/servicios-masajes\/masaje-relajante\/#primaryimage","url":"https:\/\/centrokiroma.com\/wp-content\/uploads\/2025\/11\/Masaje-2-1.jpeg","contentUrl":"https:\/\/centrokiroma.com\/wp-content\/uploads\/2025\/11\/Masaje-2-1.jpeg","width":879,"height":1098},{"@type":"BreadcrumbList","@id":"https:\/\/centrokiroma.com\/servicios-masajes\/masaje-relajante\/#breadcrumb","itemListElement":[{"@type":"ListItem","position":1,"name":"Portada","item":"https:\/\/centrokiroma.com\/"},{"@type":"ListItem","position":2,"name":"Productos","item":"https:\/\/centrokiroma.com\/shop__trashed\/"},{"@type":"ListItem","position":3,"name":"Masaje relajante"}]},{"@type":"WebSite","@id":"https:\/\/centrokiroma.com\/#website","url":"https:\/\/centrokiroma.com\/","name":"Kiroma - Centre de massatges | Est\u00e8tica les torres","description":"A Kiroma creiem en l\u2019equilibri entre cos, ment i benestar emocional. Cada tractament est\u00e0 dissenyat per connectar amb tu, alleujar tensions i cuidar la bellesa des de la calma.","alternateName":"Kiroma - Massatges & Est\u00e8tica","potentialAction":[{"@type":"SearchAction","target":{"@type":"EntryPoint","urlTemplate":"https:\/\/centrokiroma.com\/?s={search_term_string}"},"query-input":{"@type":"PropertyValueSpecification","valueRequired":true,"valueName":"search_term_string"}}],"inLanguage":"ca"}]}},"_links":{"self":[{"href":"https:\/\/centrokiroma.com\/ca\/wp-json\/wp\/v2\/product\/48094","targetHints":{"allow":["GET"]}}],"collection":[{"href":"https:\/\/centrokiroma.com\/ca\/wp-json\/wp\/v2\/product"}],"about":[{"href":"https:\/\/centrokiroma.com\/ca\/wp-json\/wp\/v2\/types\/product"}],"replies":[{"embeddable":true,"href":"https:\/\/centrokiroma.com\/ca\/wp-json\/wp\/v2\/comments?post=48094"}],"version-history":[{"count":1,"href":"https:\/\/centrokiroma.com\/ca\/wp-json\/wp\/v2\/product\/48094\/revisions"}],"predecessor-version":[{"id":51786,"href":"https:\/\/centrokiroma.com\/ca\/wp-json\/wp\/v2\/product\/48094\/revisions\/51786"}],"wp:featuredmedia":[{"embeddable":true,"href":"https:\/\/centrokiroma.com\/ca\/wp-json\/wp\/v2\/media\/51139"}],"wp:attachment":[{"href":"https:\/\/centrokiroma.com\/ca\/wp-json\/wp\/v2\/media?parent=48094"}],"wp:term":[{"taxonomy":"product_brand","embeddable":true,"href":"https:\/\/centrokiroma.com\/ca\/wp-json\/wp\/v2\/product_brand?post=48094"},{"taxonomy":"product_cat","embeddable":true,"href":"https:\/\/centrokiroma.com\/ca\/wp-json\/wp\/v2\/product_cat?post=48094"},{"taxonomy":"product_tag","embeddable":true,"href":"https:\/\/centrokiroma.com\/ca\/wp-json\/wp\/v2\/product_tag?post=48094"}],"curies":[{"name":"wp","href":"https:\/\/api.w.org\/{rel}","templated":true}]}}