{"id":2,"date":"2025-10-07T13:50:29","date_gmt":"2025-10-07T11:50:29","guid":{"rendered":"https:\/\/centrokiroma.com\/?page_id=2"},"modified":"2026-02-19T10:24:54","modified_gmt":"2026-02-19T09:24:54","slug":"legal-notice","status":"publish","type":"page","link":"https:\/\/centrokiroma.com\/en\/legal-notice\/","title":{"rendered":"Legal notice"},"content":{"rendered":"<div data-elementor-type=\"wp-page\" data-elementor-id=\"2\" class=\"elementor elementor-2\" data-elementor-post-type=\"page\">\n\t\t\t\t<div class=\"elementor-element elementor-element-e963a4f aviso-legal e-flex e-con-boxed cmsmasters-block-default e-con e-parent\" data-id=\"e963a4f\" data-element_type=\"container\" data-e-type=\"container\">\n\t\t\t\t\t<div class=\"e-con-inner\">\n\t\t\t\t<div class=\"elementor-element elementor-element-4176c5a cmsmasters-block-default cmsmasters-sticky-default elementor-widget elementor-widget-heading\" data-id=\"4176c5a\" data-element_type=\"widget\" data-e-type=\"widget\" data-widget_type=\"heading.default\">\n\t\t\t\t\t<h4 class=\"elementor-heading-title elementor-size-default\">Privacy Policy<\/h4>\t\t\t\t<\/div>\n\t\t\t\t<div class=\"elementor-element elementor-element-5839bae cmsmasters-block-default cmsmasters-sticky-default elementor-widget elementor-widget-text-editor\" data-id=\"5839bae\" data-element_type=\"widget\" data-e-type=\"widget\" data-widget_type=\"text-editor.default\">\n\t\t\t\t\t\t\t\t\t<p><strong data-start=\"484\" data-end=\"515\">Data Controller<\/strong><br data-start=\"515\" data-end=\"518\" \/><strong data-start=\"518\" data-end=\"529\">Name:<\/strong> Esperanza Valero L\u00f3pez<br data-start=\"552\" data-end=\"555\" \/><strong data-start=\"555\" data-end=\"566\">Center<\/strong> KIROMA Centre de Massatges i Est\u00e8tica Les Torres<br data-start=\"615\" data-end=\"618\" \/><strong data-start=\"618\" data-end=\"631\">Phone:<\/strong> 640 989 539<br data-start=\"643\" data-end=\"646\" \/><strong data-start=\"646\" data-end=\"669\">Email:<\/strong> <a class=\"decorated-link cursor-pointer\" rel=\"noopener\" data-start=\"670\" data-end=\"721\">info@centrokiroma.es<\/a><br data-start=\"721\" data-end=\"724\" \/><strong data-start=\"724\" data-end=\"738\">Direction<\/strong> Pla\u00e7a Constituci\u00f3, 8 \u2013 Local 3, 08191 Rub\u00ed (Barcelona), Espa\u00f1a<\/p>\t\t\t\t\t\t\t\t<\/div>\n\t\t\t\t<div class=\"elementor-element elementor-element-2d37937 cmsmasters-block-default cmsmasters-sticky-default elementor-widget elementor-widget-heading\" data-id=\"2d37937\" data-element_type=\"widget\" data-e-type=\"widget\" data-widget_type=\"heading.default\">\n\t\t\t\t\t<h4 class=\"elementor-heading-title elementor-size-default\">1. What data do we collect?<\/h4>\t\t\t\t<\/div>\n\t\t\t\t<div class=\"elementor-element elementor-element-3748b2b cmsmasters-block-default cmsmasters-sticky-default elementor-widget elementor-widget-text-editor\" data-id=\"3748b2b\" data-element_type=\"widget\" data-e-type=\"widget\" data-widget_type=\"text-editor.default\">\n\t\t\t\t\t\t\t\t\t<p data-start=\"840\" data-end=\"964\">We collect only the personal data necessary to provide our services and respond to your inquiries, specifically:<\/p>\n<ul data-start=\"966\" data-end=\"1241\">\n<li data-start=\"966\" data-end=\"1127\">\n<p data-start=\"968\" data-end=\"1127\">Data provided through contact or booking forms: name, phone number, email address, and any information you include in the message.<\/p>\n<\/li>\n<li data-start=\"1128\" data-end=\"1241\">\n<p data-start=\"1130\" data-end=\"1241\">Data provided through contact or booking forms: name, phone number, email address, and any information you include in the message. <a class=\"decorated-link\" href=\"#\" rel=\"noopener\" data-start=\"1194\" data-end=\"1218\">Cookie Policy<\/a> for more information).<\/p>\n<\/li>\n<\/ul>\t\t\t\t\t\t\t\t<\/div>\n\t\t\t\t<div class=\"elementor-element elementor-element-a2eac0e cmsmasters-block-default cmsmasters-sticky-default elementor-widget elementor-widget-heading\" data-id=\"a2eac0e\" data-element_type=\"widget\" data-e-type=\"widget\" data-widget_type=\"heading.default\">\n\t\t\t\t\t<h4 class=\"elementor-heading-title elementor-size-default\">2. What we use your data for<\/h4>\t\t\t\t<\/div>\n\t\t\t\t<div class=\"elementor-element elementor-element-8130210 cmsmasters-block-default cmsmasters-sticky-default elementor-widget elementor-widget-text-editor\" data-id=\"8130210\" data-element_type=\"widget\" data-e-type=\"widget\" data-widget_type=\"text-editor.default\">\n\t\t\t\t\t\t\t\t\t<p data-start=\"1284\" data-end=\"1348\">Personal data is used for the following purposes:<\/p>\n<ul data-start=\"1350\" data-end=\"1676\">\n<li data-start=\"1350\" data-end=\"1428\">\n<p data-start=\"1352\" data-end=\"1428\">Manage <strong data-start=\"1366\" data-end=\"1387\">appointment bookings<\/strong> and coordinate the requested services.<\/p>\n<\/li>\n<li data-start=\"1429\" data-end=\"1498\">\n<p data-start=\"1431\" data-end=\"1498\">Respond to inquiries or information requests received.<\/p>\n<\/li>\n<li data-start=\"1499\" data-end=\"1567\">\n<p data-start=\"1501\" data-end=\"1567\">Maintain the necessary communication before or after the session.<\/p>\n<\/li>\n<li data-start=\"1568\" data-end=\"1676\">\n<p data-start=\"1570\" data-end=\"1676\">Comply with the <strong data-start=\"1586\" data-end=\"1610\">obligaciones legales<\/strong> applicable to the business (tax, health, or administrative).<\/p>\n<\/li>\n<\/ul>\n<p data-start=\"1678\" data-end=\"1792\">Under no circumstances is the data used for mass commercial purposes or shared with third parties for advertising purposes.<\/p>\t\t\t\t\t\t\t\t<\/div>\n\t\t\t\t<div class=\"elementor-element elementor-element-f4bfcef cmsmasters-block-default cmsmasters-sticky-default elementor-widget elementor-widget-heading\" data-id=\"f4bfcef\" data-element_type=\"widget\" data-e-type=\"widget\" data-widget_type=\"heading.default\">\n\t\t\t\t\t<h4 class=\"elementor-heading-title elementor-size-default\">3. Legal basis for processing<\/h4>\t\t\t\t<\/div>\n\t\t\t\t<div class=\"elementor-element elementor-element-7426a93 cmsmasters-block-default cmsmasters-sticky-default elementor-widget elementor-widget-text-editor\" data-id=\"7426a93\" data-element_type=\"widget\" data-e-type=\"widget\" data-widget_type=\"text-editor.default\">\n\t\t\t\t\t\t\t\t\t<p data-start=\"1836\" data-end=\"1881\">The processing of your data is based on:<\/p>\n<ul data-start=\"1883\" data-end=\"2159\">\n<li data-start=\"1883\" data-end=\"1956\">\n<p data-start=\"1885\" data-end=\"1956\"><strong data-start=\"1885\" data-end=\"1906\">Your consent<\/strong>, when submitting a contact or booking form.<\/p>\n<\/li>\n<li data-start=\"1957\" data-end=\"2058\">\n<p data-start=\"1959\" data-end=\"2058\"><strong data-start=\"1959\" data-end=\"2001\">The execution of a requested service<\/strong>, for clients who have scheduled an appointment.<\/p>\n<\/li>\n<li data-start=\"2059\" data-end=\"2159\">\n<p data-start=\"2061\" data-end=\"2159\"><strong data-start=\"2061\" data-end=\"2104\">Compliance with legal<\/strong> arising from our professional activity.<\/p>\n<\/li>\n<\/ul>\t\t\t\t\t\t\t\t<\/div>\n\t\t\t\t<div class=\"elementor-element elementor-element-3be1469 cmsmasters-block-default cmsmasters-sticky-default elementor-widget elementor-widget-heading\" data-id=\"3be1469\" data-element_type=\"widget\" data-e-type=\"widget\" data-widget_type=\"heading.default\">\n\t\t\t\t\t<h4 class=\"elementor-heading-title elementor-size-default\">4. Data Retention<\/h4>\t\t\t\t<\/div>\n\t\t\t\t<div class=\"elementor-element elementor-element-28ad921 cmsmasters-block-default cmsmasters-sticky-default elementor-widget elementor-widget-text-editor\" data-id=\"28ad921\" data-element_type=\"widget\" data-e-type=\"widget\" data-widget_type=\"text-editor.default\">\n\t\t\t\t\t\t\t\t\t<p data-start=\"2202\" data-end=\"2324\">Your data will be stored only for the time necessary to fulfill the purpose for which it was collected:<\/p>\n<ul data-start=\"2326\" data-end=\"2603\">\n<li data-start=\"2326\" data-end=\"2415\">\n<p data-start=\"2328\" data-end=\"2415\">For bookings or appointments, as long as needed for their management and follow-up.<\/p>\n<\/li>\n<li data-start=\"2416\" data-end=\"2506\">\n<p data-start=\"2418\" data-end=\"2506\">For communications or inquiries, for the time required to respond to them.<\/p>\n<\/li>\n<li data-start=\"2507\" data-end=\"2603\">\n<p data-start=\"2509\" data-end=\"2603\">Afterwards, they may remain blocked to meet possible legal responsibilities.<\/p>\n<\/li>\n<\/ul>\t\t\t\t\t\t\t\t<\/div>\n\t\t\t\t<div class=\"elementor-element elementor-element-312b17d cmsmasters-block-default cmsmasters-sticky-default elementor-widget elementor-widget-heading\" data-id=\"312b17d\" data-element_type=\"widget\" data-e-type=\"widget\" data-widget_type=\"heading.default\">\n\t\t\t\t\t<h4 class=\"elementor-heading-title elementor-size-default\">5. Data Recipients<\/h4>\t\t\t\t<\/div>\n\t\t\t\t<div class=\"elementor-element elementor-element-32339ba cmsmasters-block-default cmsmasters-sticky-default elementor-widget elementor-widget-text-editor\" data-id=\"32339ba\" data-element_type=\"widget\" data-e-type=\"widget\" data-widget_type=\"text-editor.default\">\n\t\t\t\t\t\t\t\t\t<p data-start=\"2647\" data-end=\"2727\">Personal data will not be shared with third parties except in the following cases:<\/p>\n<ul data-start=\"2729\" data-end=\"2977\">\n<li data-start=\"2729\" data-end=\"2797\">\n<p data-start=\"2731\" data-end=\"2797\"><strong data-start=\"2731\" data-end=\"2751\">Legal obligation<\/strong> o requerimiento de autoridades competentes.<\/p>\n<\/li>\n<li data-start=\"2798\" data-end=\"2977\">\n<p data-start=\"2800\" data-end=\"2977\"><strong data-start=\"2800\" data-end=\"2837\">Technical service providers<\/strong> (e.g., hosting or email services), acting as data processors and providing appropriate safeguards in compliance with GDPR.<\/p>\n<\/li>\n<\/ul>\n<p data-start=\"2979\" data-end=\"3068\">Under no circumstances will data be sold or shared for commercial or advertising purposes.<\/p>\t\t\t\t\t\t\t\t<\/div>\n\t\t\t\t<div class=\"elementor-element elementor-element-21d9772 cmsmasters-block-default cmsmasters-sticky-default elementor-widget elementor-widget-heading\" data-id=\"21d9772\" data-element_type=\"widget\" data-e-type=\"widget\" data-widget_type=\"heading.default\">\n\t\t\t\t\t<h4 class=\"elementor-heading-title elementor-size-default\">6. Derechos del usuario<\/h4>\t\t\t\t<\/div>\n\t\t\t\t<div class=\"elementor-element elementor-element-c627469 cmsmasters-block-default cmsmasters-sticky-default elementor-widget elementor-widget-text-editor\" data-id=\"c627469\" data-element_type=\"widget\" data-e-type=\"widget\" data-widget_type=\"text-editor.default\">\n\t\t\t\t\t\t\t\t\t<p data-start=\"3106\" data-end=\"3158\">You may exercise your rights at any time:<\/p>\n<ul data-start=\"3160\" data-end=\"3392\">\n<li data-start=\"3160\" data-end=\"3194\">\n<p data-start=\"3162\" data-end=\"3194\">Access to your personal data.<\/p>\n<\/li>\n<li data-start=\"3195\" data-end=\"3250\">\n<p data-start=\"3197\" data-end=\"3250\">Rectification of inaccurate or incomplete data.<\/p>\n<\/li>\n<li data-start=\"3251\" data-end=\"3285\">\n<p data-start=\"3253\" data-end=\"3285\">Erasure (right to be forgotten).<\/p>\n<\/li>\n<li data-start=\"3286\" data-end=\"3328\">\n<p data-start=\"3288\" data-end=\"3328\">Restriction or objection to processing.<\/p>\n<\/li>\n<li data-start=\"3329\" data-end=\"3392\">\n<p data-start=\"3331\" data-end=\"3392\">Data portability, when technically possible.<\/p>\n<\/li>\n<\/ul>\n<p data-start=\"3394\" data-end=\"3567\">To exercise these rights, send your request in writing to: <a class=\"decorated-link cursor-pointer\" rel=\"noopener\" data-start=\"3462\" data-end=\"3513\">info@centrokiroma.es <\/a>or by postal mail to the address indicated above.<\/p>\t\t\t\t\t\t\t\t<\/div>\n\t\t\t\t<div class=\"elementor-element elementor-element-30ca2d7 cmsmasters-block-default cmsmasters-sticky-default elementor-widget elementor-widget-heading\" data-id=\"30ca2d7\" data-element_type=\"widget\" data-e-type=\"widget\" data-widget_type=\"heading.default\">\n\t\t\t\t\t<h4 class=\"elementor-heading-title elementor-size-default\">7. Data Security<\/h4>\t\t\t\t<\/div>\n\t\t\t\t<div class=\"elementor-element elementor-element-cd051a8 cmsmasters-block-default cmsmasters-sticky-default elementor-widget elementor-widget-text-editor\" data-id=\"cd051a8\" data-element_type=\"widget\" data-e-type=\"widget\" data-widget_type=\"text-editor.default\">\n\t\t\t\t\t\t\t\t\t<p data-start=\"2647\" data-end=\"2727\">Kiroma applies appropriate technical and organizational measures to protect your personal data against unauthorized access, loss, alteration, or improper disclosure, in accordance with current data protection regulations.<\/p>\t\t\t\t\t\t\t\t<\/div>\n\t\t\t\t<div class=\"elementor-element elementor-element-c6b276a cmsmasters-block-default cmsmasters-sticky-default elementor-widget elementor-widget-heading\" data-id=\"c6b276a\" data-element_type=\"widget\" data-e-type=\"widget\" data-widget_type=\"heading.default\">\n\t\t\t\t\t<h4 class=\"elementor-heading-title elementor-size-default\">8. Data Concerning Minors<\/h4>\t\t\t\t<\/div>\n\t\t\t\t<div class=\"elementor-element elementor-element-5f52d41 cmsmasters-block-default cmsmasters-sticky-default elementor-widget elementor-widget-text-editor\" data-id=\"5f52d41\" data-element_type=\"widget\" data-e-type=\"widget\" data-widget_type=\"text-editor.default\">\n\t\t\t\t\t\t\t\t\t<p data-start=\"2647\" data-end=\"2727\">We do not knowingly collect personal data from children under 14 years of age.<br data-start=\"3952\" data-end=\"3955\" \/>If a minor has provided us with data without parental or guardian authorization, it will be immediately deleted as soon as we become aware of it.<\/p>\t\t\t\t\t\t\t\t<\/div>\n\t\t\t\t<div class=\"elementor-element elementor-element-87c61bf cmsmasters-block-default cmsmasters-sticky-default elementor-widget elementor-widget-heading\" data-id=\"87c61bf\" data-element_type=\"widget\" data-e-type=\"widget\" data-widget_type=\"heading.default\">\n\t\t\t\t\t<h4 class=\"elementor-heading-title elementor-size-default\">9. Changes to This Policy<\/h4>\t\t\t\t<\/div>\n\t\t\t\t<div class=\"elementor-element elementor-element-675606b cmsmasters-block-default cmsmasters-sticky-default elementor-widget elementor-widget-text-editor\" data-id=\"675606b\" data-element_type=\"widget\" data-e-type=\"widget\" data-widget_type=\"text-editor.default\">\n\t\t\t\t\t\t\t\t\t<p data-start=\"2647\" data-end=\"2727\">Kiroma may update this Privacy Policy to adapt it to legislative changes or to improve the service.<br data-start=\"4283\" data-end=\"4286\" \/>Updated versions will always be available on this same page.<\/p>\t\t\t\t\t\t\t\t<\/div>\n\t\t\t\t\t<\/div>\n\t\t\t\t<\/div>\n\t\t\t\t<\/div>","protected":false},"excerpt":{"rendered":"<p>Pol\u00edtica de Privacidad Responsable del tratamientoNombre: Esperanza Valero L\u00f3pezCentro: KIROMA Centre de Massatges i Est\u00e8tica Les TorresTel\u00e9fono: 640 989 539Correo electr\u00f3nico: info@centrokiroma.esDirecci\u00f3n: Pla\u00e7a Constituci\u00f3, 8 \u2013 Local 3, 08191 Rub\u00ed (Barcelona), Espa\u00f1a 1. Qu\u00e9 datos recogemos Recogemos \u00fanicamente los datos personales necesarios para ofrecer nuestros servicios y atender tus consultas, concretamente: Datos facilitados mediante los&#8230;<\/p>","protected":false},"author":1,"featured_media":0,"parent":0,"menu_order":5,"comment_status":"closed","ping_status":"closed","template":"","meta":{"_acf_changed":false,"footnotes":""},"class_list":["post-2","page","type-page","status-publish","hentry"],"acf":[],"yoast_head":"<!-- This site is optimized with the Yoast SEO Premium plugin v26.6 (Yoast SEO v26.6) - https:\/\/yoast.com\/wordpress\/plugins\/seo\/ -->\n<title>Aviso Legal - Centro Kiroma<\/title>\n<meta name=\"robots\" content=\"noindex, follow\" \/>\n<meta property=\"og:locale\" content=\"en_GB\" \/>\n<meta property=\"og:type\" content=\"article\" \/>\n<meta property=\"og:title\" content=\"Aviso Legal\" \/>\n<meta property=\"og:description\" content=\"Pol\u00edtica de Privacidad Responsable del tratamientoNombre: Esperanza Valero L\u00f3pezCentro: KIROMA Centre de Massatges i Est\u00e8tica Les TorresTel\u00e9fono: 640 989 539Correo electr\u00f3nico: info@centrokiroma.esDirecci\u00f3n: Pla\u00e7a Constituci\u00f3, 8 \u2013 Local 3, 08191 Rub\u00ed (Barcelona), Espa\u00f1a 1. Qu\u00e9 datos recogemos Recogemos \u00fanicamente los datos personales necesarios para ofrecer nuestros servicios y atender tus consultas, concretamente: Datos facilitados mediante los...\" \/>\n<meta property=\"og:url\" content=\"https:\/\/centrokiroma.com\/en\/legal-notice\/\" \/>\n<meta property=\"og:site_name\" content=\"Centro Kiroma\" \/>\n<meta property=\"article:modified_time\" content=\"2026-02-19T09:24:54+00:00\" \/>\n<meta property=\"og:image\" content=\"https:\/\/centrokiroma.com\/wp-content\/uploads\/2025\/10\/Taza-con-impresion-panoramica-Familia-ilustrada.png\" \/>\n\t<meta property=\"og:image:width\" content=\"2000\" \/>\n\t<meta property=\"og:image:height\" content=\"965\" \/>\n\t<meta property=\"og:image:type\" content=\"image\/png\" \/>\n<meta name=\"twitter:card\" content=\"summary_large_image\" \/>\n<meta name=\"twitter:label1\" content=\"Estimated reading time\" \/>\n\t<meta name=\"twitter:data1\" content=\"3 minutes\" \/>\n<script type=\"application\/ld+json\" class=\"yoast-schema-graph\">{\"@context\":\"https:\/\/schema.org\",\"@graph\":[{\"@type\":\"WebPage\",\"@id\":\"https:\/\/centrokiroma.com\/aviso-legal\/\",\"url\":\"https:\/\/centrokiroma.com\/aviso-legal\/\",\"name\":\"Aviso Legal - Centro Kiroma\",\"isPartOf\":{\"@id\":\"https:\/\/centrokiroma.com\/#website\"},\"datePublished\":\"2025-10-07T11:50:29+00:00\",\"dateModified\":\"2026-02-19T09:24:54+00:00\",\"breadcrumb\":{\"@id\":\"https:\/\/centrokiroma.com\/aviso-legal\/#breadcrumb\"},\"inLanguage\":\"en-GB\",\"potentialAction\":[{\"@type\":\"ReadAction\",\"target\":[\"https:\/\/centrokiroma.com\/aviso-legal\/\"]}]},{\"@type\":\"BreadcrumbList\",\"@id\":\"https:\/\/centrokiroma.com\/aviso-legal\/#breadcrumb\",\"itemListElement\":[{\"@type\":\"ListItem\",\"position\":1,\"name\":\"Portada\",\"item\":\"https:\/\/centrokiroma.com\/\"},{\"@type\":\"ListItem\",\"position\":2,\"name\":\"Aviso Legal\"}]},{\"@type\":\"WebSite\",\"@id\":\"https:\/\/centrokiroma.com\/#website\",\"url\":\"https:\/\/centrokiroma.com\/\",\"name\":\"Kiroma - Centre de massatges | Est\u00e8tica les torres\",\"description\":\"A Kiroma creiem en l\u2019equilibri entre cos, ment i benestar emocional. Cada tractament est\u00e0 dissenyat per connectar amb tu, alleujar tensions i cuidar la bellesa des de la calma.\",\"alternateName\":\"Kiroma - Massatges & Est\u00e8tica\",\"potentialAction\":[{\"@type\":\"SearchAction\",\"target\":{\"@type\":\"EntryPoint\",\"urlTemplate\":\"https:\/\/centrokiroma.com\/?s={search_term_string}\"},\"query-input\":{\"@type\":\"PropertyValueSpecification\",\"valueRequired\":true,\"valueName\":\"search_term_string\"}}],\"inLanguage\":\"en-GB\"}]}<\/script>\n<!-- \/ Yoast SEO Premium plugin. -->","yoast_head_json":{"title":"Aviso Legal - Centro Kiroma","robots":{"index":"noindex","follow":"follow"},"og_locale":"en_GB","og_type":"article","og_title":"Aviso Legal","og_description":"Pol\u00edtica de Privacidad Responsable del tratamientoNombre: Esperanza Valero L\u00f3pezCentro: KIROMA Centre de Massatges i Est\u00e8tica Les TorresTel\u00e9fono: 640 989 539Correo electr\u00f3nico: info@centrokiroma.esDirecci\u00f3n: Pla\u00e7a Constituci\u00f3, 8 \u2013 Local 3, 08191 Rub\u00ed (Barcelona), Espa\u00f1a 1. Qu\u00e9 datos recogemos Recogemos \u00fanicamente los datos personales necesarios para ofrecer nuestros servicios y atender tus consultas, concretamente: Datos facilitados mediante los...","og_url":"https:\/\/centrokiroma.com\/en\/legal-notice\/","og_site_name":"Centro Kiroma","article_modified_time":"2026-02-19T09:24:54+00:00","og_image":[{"width":2000,"height":965,"url":"https:\/\/centrokiroma.com\/wp-content\/uploads\/2025\/10\/Taza-con-impresion-panoramica-Familia-ilustrada.png","type":"image\/png"}],"twitter_card":"summary_large_image","twitter_misc":{"Estimated reading time":"3 minutes"},"schema":{"@context":"https:\/\/schema.org","@graph":[{"@type":"WebPage","@id":"https:\/\/centrokiroma.com\/aviso-legal\/","url":"https:\/\/centrokiroma.com\/aviso-legal\/","name":"Aviso Legal - Centro Kiroma","isPartOf":{"@id":"https:\/\/centrokiroma.com\/#website"},"datePublished":"2025-10-07T11:50:29+00:00","dateModified":"2026-02-19T09:24:54+00:00","breadcrumb":{"@id":"https:\/\/centrokiroma.com\/aviso-legal\/#breadcrumb"},"inLanguage":"en-GB","potentialAction":[{"@type":"ReadAction","target":["https:\/\/centrokiroma.com\/aviso-legal\/"]}]},{"@type":"BreadcrumbList","@id":"https:\/\/centrokiroma.com\/aviso-legal\/#breadcrumb","itemListElement":[{"@type":"ListItem","position":1,"name":"Portada","item":"https:\/\/centrokiroma.com\/"},{"@type":"ListItem","position":2,"name":"Aviso Legal"}]},{"@type":"WebSite","@id":"https:\/\/centrokiroma.com\/#website","url":"https:\/\/centrokiroma.com\/","name":"Kiroma - Centre de massatges | Est\u00e8tica les torres","description":"A Kiroma creiem en l\u2019equilibri entre cos, ment i benestar emocional. Cada tractament est\u00e0 dissenyat per connectar amb tu, alleujar tensions i cuidar la bellesa des de la calma.","alternateName":"Kiroma - Massatges & Est\u00e8tica","potentialAction":[{"@type":"SearchAction","target":{"@type":"EntryPoint","urlTemplate":"https:\/\/centrokiroma.com\/?s={search_term_string}"},"query-input":{"@type":"PropertyValueSpecification","valueRequired":true,"valueName":"search_term_string"}}],"inLanguage":"en-GB"}]}},"_links":{"self":[{"href":"https:\/\/centrokiroma.com\/en\/wp-json\/wp\/v2\/pages\/2","targetHints":{"allow":["GET"]}}],"collection":[{"href":"https:\/\/centrokiroma.com\/en\/wp-json\/wp\/v2\/pages"}],"about":[{"href":"https:\/\/centrokiroma.com\/en\/wp-json\/wp\/v2\/types\/page"}],"author":[{"embeddable":true,"href":"https:\/\/centrokiroma.com\/en\/wp-json\/wp\/v2\/users\/1"}],"replies":[{"embeddable":true,"href":"https:\/\/centrokiroma.com\/en\/wp-json\/wp\/v2\/comments?post=2"}],"version-history":[{"count":18,"href":"https:\/\/centrokiroma.com\/en\/wp-json\/wp\/v2\/pages\/2\/revisions"}],"predecessor-version":[{"id":52151,"href":"https:\/\/centrokiroma.com\/en\/wp-json\/wp\/v2\/pages\/2\/revisions\/52151"}],"wp:attachment":[{"href":"https:\/\/centrokiroma.com\/en\/wp-json\/wp\/v2\/media?parent=2"}],"curies":[{"name":"wp","href":"https:\/\/api.w.org\/{rel}","templated":true}]}}