{"id":37139,"date":"2020-05-16T09:01:45","date_gmt":"2020-05-16T09:01:45","guid":{"rendered":"https:\/\/theme-dev.cmsmasters.net\/dentalist\/?page_id=27"},"modified":"2026-01-07T18:39:04","modified_gmt":"2026-01-07T17:39:04","slug":"contacto","status":"publish","type":"page","link":"https:\/\/centrokiroma.com\/en\/contacto\/","title":{"rendered":"Contact"},"content":{"rendered":"<div data-elementor-type=\"wp-page\" data-elementor-id=\"37139\" class=\"elementor elementor-37139\" data-elementor-post-type=\"page\">\n\t\t\t\t<div class=\"elementor-element elementor-element-9b6e763 e-flex e-con-boxed cmsmasters-bg-hide-none cmsmasters-bg-hide-none cmsmasters-block-default e-con e-parent\" data-id=\"9b6e763\" data-element_type=\"container\" data-e-type=\"container\" data-settings=\"{&quot;background_background&quot;:&quot;classic&quot;}\">\n\t\t\t\t\t<div class=\"e-con-inner\">\n\t\t\t\t\t<\/div>\n\t\t\t\t<\/div>\n\t\t<div class=\"elementor-element elementor-element-38b5474 e-flex e-con-boxed cmsmasters-block-default e-con e-parent\" data-id=\"38b5474\" data-element_type=\"container\" data-e-type=\"container\">\n\t\t\t\t\t<div class=\"e-con-inner\">\n\t\t<div class=\"elementor-element elementor-element-fef0bfa e-con-full e-flex cmsmasters-block-default e-con e-child\" data-id=\"fef0bfa\" data-element_type=\"container\" data-e-type=\"container\">\n\t\t\t\t<div class=\"elementor-element elementor-element-c7f8204 elementor-widget__width-initial cmsmasters-block-default cmsmasters-sticky-default elementor-invisible elementor-widget elementor-widget-heading\" data-id=\"c7f8204\" data-element_type=\"widget\" data-e-type=\"widget\" data-settings=\"{&quot;_animation&quot;:&quot;fadeIn&quot;}\" data-widget_type=\"heading.default\">\n\t\t\t\t\t<h2 class=\"elementor-heading-title elementor-size-default\">Contact<\/h2>\t\t\t\t<\/div>\n\t\t<div class=\"elementor-element elementor-element-606088f e-flex e-con-boxed cmsmasters-block-default e-con e-child\" data-id=\"606088f\" data-element_type=\"container\" data-e-type=\"container\">\n\t\t\t\t\t<div class=\"e-con-inner\">\n\t\t<div class=\"elementor-element elementor-element-83345a7 e-con-full e-flex cmsmasters-block-default elementor-invisible e-con e-child\" data-id=\"83345a7\" data-element_type=\"container\" data-e-type=\"container\" data-settings=\"{&quot;animation&quot;:&quot;fadeIn&quot;,&quot;animation_delay&quot;:500}\">\n\t\t\t\t<div data-separate-animation-selector=\".cmsmasters-widget-title__heading\" data-text-animation-class=\"sequental, random, line, word, char\" class=\"elementor-element elementor-element-4d5dc15 cmsmasters-color-variation-gradient cmsmasters-line-clamp-no cmsmasters-color-gradient-linear cmsmasters-pointer-none cmsmasters-block-default cmsmasters-sticky-default elementor-widget elementor-widget-cmsmasters-title cmsmasters-widget-title\" data-id=\"4d5dc15\" data-element_type=\"widget\" data-e-type=\"widget\" data-widget_type=\"cmsmasters-title.default\">\n\t\t\t\t\t<h6 class=\"cmsmasters-widget-title__heading\"><span class=\"title-inner-element\">Direction<\/span><\/h6>\t\t\t\t<\/div>\n\t\t\t\t<div class=\"elementor-element elementor-element-e1024c5 elementor-widget-widescreen__width-initial cmsmasters-block-default cmsmasters-sticky-default elementor-widget elementor-widget-text-editor\" data-id=\"e1024c5\" data-element_type=\"widget\" data-e-type=\"widget\" data-widget_type=\"text-editor.default\">\n\t\t\t\t\t\t\t\t\t<p>Square Constituci\u00f3n, 8 Loc. 3, C.P 08191, Rubi, Barcelona<\/p>\t\t\t\t\t\t\t\t<\/div>\n\t\t\t\t<\/div>\n\t\t<div class=\"elementor-element elementor-element-4cb085c e-con-full e-flex cmsmasters-block-default elementor-invisible e-con e-child\" data-id=\"4cb085c\" data-element_type=\"container\" data-e-type=\"container\" data-settings=\"{&quot;animation&quot;:&quot;fadeIn&quot;,&quot;animation_delay&quot;:750}\">\n\t\t\t\t<div data-separate-animation-selector=\".cmsmasters-widget-title__heading\" data-text-animation-class=\"sequental, random, line, word, char\" class=\"elementor-element elementor-element-b121743 cmsmasters-color-variation-gradient cmsmasters-line-clamp-no cmsmasters-color-gradient-linear cmsmasters-pointer-none cmsmasters-block-default cmsmasters-sticky-default elementor-widget elementor-widget-cmsmasters-title cmsmasters-widget-title\" data-id=\"b121743\" data-element_type=\"widget\" data-e-type=\"widget\" data-widget_type=\"cmsmasters-title.default\">\n\t\t\t\t\t<h6 class=\"cmsmasters-widget-title__heading\"><span class=\"title-inner-element\">Timetable:<\/span><\/h6>\t\t\t\t<\/div>\n\t\t\t\t<div class=\"elementor-element elementor-element-6292533 cmsmasters-block-default cmsmasters-sticky-default elementor-widget elementor-widget-text-editor\" data-id=\"6292533\" data-element_type=\"widget\" data-e-type=\"widget\" data-widget_type=\"text-editor.default\">\n\t\t\t\t\t\t\t\t\t<p><strong>Monday to Friday<\/strong> 17:30 \u2013 20:00 <br \/><strong>Saturday<\/strong> 9:30 \u2013 13:30 <br \/><strong>Sunday<\/strong> closed<\/p>\t\t\t\t\t\t\t\t<\/div>\n\t\t\t\t<\/div>\n\t\t<div class=\"elementor-element elementor-element-033f0c1 e-con-full e-flex cmsmasters-block-default elementor-invisible e-con e-child\" data-id=\"033f0c1\" data-element_type=\"container\" data-e-type=\"container\" data-settings=\"{&quot;animation&quot;:&quot;fadeIn&quot;,&quot;animation_delay&quot;:750}\">\n\t\t\t\t<div data-separate-animation-selector=\".cmsmasters-widget-title__heading\" data-text-animation-class=\"sequental, random, line, word, char\" class=\"elementor-element elementor-element-7f23888 cmsmasters-color-variation-gradient cmsmasters-line-clamp-no cmsmasters-color-gradient-linear cmsmasters-pointer-none cmsmasters-block-default cmsmasters-sticky-default elementor-widget elementor-widget-cmsmasters-title cmsmasters-widget-title\" data-id=\"7f23888\" data-element_type=\"widget\" data-e-type=\"widget\" data-widget_type=\"cmsmasters-title.default\">\n\t\t\t\t\t<h6 class=\"cmsmasters-widget-title__heading\"><span class=\"title-inner-element\">Thelephone:<\/span><\/h6>\t\t\t\t<\/div>\n\t\t\t\t<div class=\"elementor-element elementor-element-63cad03 cmsmasters-block-default cmsmasters-sticky-default elementor-widget elementor-widget-text-editor\" data-id=\"63cad03\" data-element_type=\"widget\" data-e-type=\"widget\" data-widget_type=\"text-editor.default\">\n\t\t\t\t\t\t\t\t\t<p><a href=\"tel:+34640989539\">640 98 95 39<\/a><\/p>\t\t\t\t\t\t\t\t<\/div>\n\t\t\t\t<\/div>\n\t\t\t\t\t<\/div>\n\t\t\t\t<\/div>\n\t\t\t\t<\/div>\n\t\t\t\t\t<\/div>\n\t\t\t\t<\/div>\n\t\t<div class=\"elementor-element elementor-element-e9a24bf e-flex e-con-boxed cmsmasters-block-default e-con e-parent\" data-id=\"e9a24bf\" data-element_type=\"container\" data-e-type=\"container\">\n\t\t\t\t\t<div class=\"e-con-inner\">\n\t\t\t\t<div class=\"elementor-element elementor-element-9067a8d cmsmasters-block-default cmsmasters-sticky-default elementor-widget elementor-widget-google_maps\" data-id=\"9067a8d\" data-element_type=\"widget\" data-e-type=\"widget\" data-widget_type=\"google_maps.default\">\n\t\t\t\t\t\t\t<div class=\"elementor-custom-embed\">\n\t\t\t<iframe loading=\"lazy\"\n\t\t\t\t\tsrc=\"https:\/\/maps.google.com\/maps?q=Pla%C3%A7a%20Constituci%C3%B3%2C%208%2C%2008191%20Rub%C3%AD%2C%20Barcelona&#038;t=m&#038;z=16&#038;output=embed&#038;iwloc=near\"\n\t\t\t\t\ttitle=\"Pla\u00e7a Constituci\u00f3, 8, 08191 Rub\u00ed, Barcelona\"\n\t\t\t\t\taria-label=\"Pla\u00e7a Constituci\u00f3, 8, 08191 Rub\u00ed, Barcelona\"\n\t\t\t><\/iframe>\n\t\t<\/div>\n\t\t\t\t\t\t<\/div>\n\t\t\t\t\t<\/div>\n\t\t\t\t<\/div>\n\t\t<div class=\"elementor-element elementor-element-c2e80ea e-flex e-con-boxed cmsmasters-block-default e-con e-parent\" data-id=\"c2e80ea\" data-element_type=\"container\" data-e-type=\"container\">\n\t\t\t\t\t<div class=\"e-con-inner\">\n\t\t<div class=\"elementor-element elementor-element-ce919db e-con-full e-flex cmsmasters-block-default elementor-invisible e-con e-child\" data-id=\"ce919db\" data-element_type=\"container\" data-e-type=\"container\" data-settings=\"{&quot;animation&quot;:&quot;zoomIn&quot;}\">\n\t\t\t\t<div class=\"elementor-element elementor-element-95192f3 elementor-hidden-tablet elementor-hidden-mobile cmsmasters-block-default cmsmasters-sticky-default elementor-widget elementor-widget-image\" data-id=\"95192f3\" data-element_type=\"widget\" data-e-type=\"widget\" data-widget_type=\"image.default\">\n\t\t\t\t\t\t\t\t\t\t\t\t\t\t\t<img loading=\"lazy\" decoding=\"async\" width=\"1530\" height=\"2040\" src=\"https:\/\/centrokiroma.com\/wp-content\/uploads\/2025\/11\/WhatsApp-Image-2025-11-20-at-12.39.53.jpeg\" class=\"attachment-full size-full wp-image-48702\" alt=\"\" srcset=\"https:\/\/centrokiroma.com\/wp-content\/uploads\/2025\/11\/WhatsApp-Image-2025-11-20-at-12.39.53.jpeg 1530w, https:\/\/centrokiroma.com\/wp-content\/uploads\/2025\/11\/WhatsApp-Image-2025-11-20-at-12.39.53-225x300.jpeg 225w, https:\/\/centrokiroma.com\/wp-content\/uploads\/2025\/11\/WhatsApp-Image-2025-11-20-at-12.39.53-768x1024.jpeg 768w, https:\/\/centrokiroma.com\/wp-content\/uploads\/2025\/11\/WhatsApp-Image-2025-11-20-at-12.39.53-1152x1536.jpeg 1152w, https:\/\/centrokiroma.com\/wp-content\/uploads\/2025\/11\/WhatsApp-Image-2025-11-20-at-12.39.53-600x800.jpeg 600w\" sizes=\"auto, (max-width: 1530px) 100vw, 1530px\" \/>\t\t\t\t\t\t\t\t\t\t\t\t\t\t\t<\/div>\n\t\t\t\t<\/div>\n\t\t<div class=\"elementor-element elementor-element-67a7d67 e-con-full e-flex cmsmasters-block-default e-con e-child\" data-id=\"67a7d67\" data-element_type=\"container\" data-e-type=\"container\">\n\t\t\t\t<div class=\"elementor-element elementor-element-8b960af cmsmasters-block-default cmsmasters-sticky-default elementor-invisible elementor-widget elementor-widget-heading\" data-id=\"8b960af\" data-element_type=\"widget\" data-e-type=\"widget\" data-settings=\"{&quot;_animation&quot;:&quot;fadeIn&quot;,&quot;_animation_delay&quot;:250}\" data-widget_type=\"heading.default\">\n\t\t\t\t\t<h2 class=\"elementor-heading-title elementor-size-default\">We are here for you<\/h2>\t\t\t\t<\/div>\n\t\t\t\t<div class=\"elementor-element elementor-element-ed32c40 cmsmasters-block-default cmsmasters-sticky-default elementor-invisible elementor-widget elementor-widget-text-editor\" data-id=\"ed32c40\" data-element_type=\"widget\" data-e-type=\"widget\" data-settings=\"{&quot;_animation&quot;:&quot;fadeIn&quot;,&quot;_animation_delay&quot;:500}\" data-widget_type=\"text-editor.default\">\n\t\t\t\t\t\t\t\t\t<p>If you have any questions, need guidance on which treatment to choose, or simply want to book your appointment by telephone, we will be delighted to assist you.<\/p>\t\t\t\t\t\t\t\t<\/div>\n\t\t\t\t<div class=\"elementor-element elementor-element-4cd8c1e cmsmasters-block-default cmsmasters-sticky-default elementor-invisible elementor-widget elementor-widget-cmsmasters-forminator\" data-id=\"4cd8c1e\" data-element_type=\"widget\" data-e-type=\"widget\" data-settings=\"{&quot;form_list&quot;:&quot;47&quot;,&quot;_animation&quot;:&quot;fadeIn&quot;,&quot;_animation_delay&quot;:750}\" data-widget_type=\"cmsmasters-forminator.default\">\n\t\t\t\t\t<div class=\"elementor-widget-cmsmasters-contact-form__wrapper elementor-widget-cmsmasters-contact-form cmsmasters-default-color cmsmasters-default-font\" id=\"cmsmasters-widget-form-4cd8c1e\">\r\n\t\t\t<div class=\"elementor-widget-cmsmasters-contact-form__inner\"><div class=\"forminator-ui forminator-custom-form forminator-custom-form-47 forminator-design--default forminator-custom\" data-forminator-render=\"0\" data-form=\"forminator-module-47\" data-uid=\"69d3489ce5a6a\"><br\/><\/div><form\n\t\t\t\tid=\"forminator-module-47\"\n\t\t\t\tclass=\"forminator-ui forminator-custom-form forminator-custom-form-47 forminator-design--default forminator-custom\"\n\t\t\t\tmethod=\"post\"\n\t\t\t\tdata-forminator-render=\"0\"\n\t\t\t\tdata-form-id=\"47\"\n\t\t\t\t data-color-option=\"default\" data-design=\"default\" data-grid=\"custom\" style=\"display: none;\"\n\t\t\t\tdata-uid=\"69d3489ce5a6a\" action=\"\"\n\t\t\t><div role=\"alert\" aria-live=\"polite\" class=\"forminator-response-message forminator-error\" aria-hidden=\"true\"><\/div><div class=\"forminator-row\"><div id=\"name-1\" class=\"forminator-field-name forminator-col forminator-col-6\"><div class=\"forminator-field\"><label for=\"forminator-field-name-1_69d3489ce5a6a\" id=\"forminator-field-name-1_69d3489ce5a6a-label\" class=\"forminator-label\">Name <span class=\"forminator-required\">*<\/span><\/label><input type=\"text\" name=\"name-1\" value=\"\" placeholder=\"Name\" id=\"forminator-field-name-1_69d3489ce5a6a\" class=\"forminator-input forminator-name--field\" aria-required=\"true\" autocomplete=\"name\" \/><\/div><\/div><div id=\"name-2\" class=\"forminator-field-name forminator-col forminator-col-6\"><div class=\"forminator-field\"><label for=\"forminator-field-name-2_69d3489ce5a6a\" id=\"forminator-field-name-2_69d3489ce5a6a-label\" class=\"forminator-label\">Surname <span class=\"forminator-required\">*<\/span><\/label><input type=\"text\" name=\"name-2\" value=\"\" placeholder=\"Surname\" id=\"forminator-field-name-2_69d3489ce5a6a\" class=\"forminator-input forminator-name--field\" aria-required=\"true\" autocomplete=\"name\" \/><\/div><\/div><\/div><div class=\"forminator-row\"><div id=\"email-1\" class=\"forminator-field-email forminator-col forminator-col-12\"><div class=\"forminator-field\"><label for=\"forminator-field-email-1_69d3489ce5a6a\" id=\"forminator-field-email-1_69d3489ce5a6a-label\" class=\"forminator-label\">Email <span class=\"forminator-required\">*<\/span><\/label><input type=\"email\" name=\"email-1\" value=\"\" placeholder=\"Email\" id=\"forminator-field-email-1_69d3489ce5a6a\" class=\"forminator-input forminator-email--field\" data-required=\"1\" aria-required=\"true\" autocomplete=\"email\" \/><\/div><\/div><\/div><div class=\"forminator-row\"><div id=\"textarea-1\" class=\"forminator-field-textarea forminator-col forminator-col-12\"><div class=\"forminator-field\"><label for=\"forminator-field-textarea-1_69d3489ce5a6a\" id=\"forminator-field-textarea-1_69d3489ce5a6a-label\" class=\"forminator-label\">Message<\/label><textarea name=\"textarea-1\" placeholder=\"Message\" id=\"forminator-field-textarea-1_69d3489ce5a6a\" class=\"forminator-textarea\" rows=\"6\" style=\"min-height:140px;\" ><\/textarea><\/div><\/div><\/div><div class=\"forminator-row\"><div id=\"html-1\" class=\"forminator-field-html forminator-col forminator-col-12\"><div class=\"forminator-field forminator-merge-tags\" data-field=\"html-1\"><label class=\"forminator-label\">Basic information<\/label><p style=\"font-size: 12px;color: #575757\">Responsible party: Kiroma Centre. Purpose: To respond to your request and, where appropriate, send you communications related to professional activity. Legitimacy: Execution of a contract, consent of the interested party, legitimate interest of the responsible party. Recipients: No data will be transferred to third parties, except where legally required. Rights: You have the right to access, rectify and delete the data, as well as other rights, indicated in the additional information, which you can exercise by contacting info@centrokiroma.com. Origin: The data subject. Additional information: www.centrokiroma.com<\/p><\/div><\/div><\/div><div class=\"forminator-row\"><div id=\"consent-1\" class=\"forminator-field-consent forminator-col forminator-col-12\"><div class=\"forminator-field\"><div class=\"forminator-checkbox__wrapper\"><label id=\"forminator-field-consent-1_69d3489ce5a6a__label\" class=\"forminator-checkbox forminator-consent\" aria-labelledby=\"forminator-field-consent-1_69d3489ce5a6a-label\"><input type=\"checkbox\" name=\"consent-1\" id=\"forminator-field-consent-1_69d3489ce5a6a\" value=\"checked\" aria-labelledby=\"forminator-field-consent-1_69d3489ce5a6a-label\" aria-describedby=\"forminator-field-consent-1_69d3489ce5a6a__description\" data-required=\"true\" aria-required=\"true\" \/><span class=\"forminator-checkbox-box\" aria-hidden=\"true\"><\/span><\/label><div id=\"forminator-field-consent-1_69d3489ce5a6a__description\" class=\"forminator-checkbox__label forminator-consent__label\"><p>I have read and accept the <a href=\"https:\/\/centrokiroma.com\/en\/privacy-policy\/\">privacy policy<\/a><\/p><\/div><\/div><\/div><\/div><\/div><div class=\"forminator-row\"><div id=\"captcha-1\" class=\"forminator-field-captcha forminator-col forminator-col-12\"><div class=\"forminator-captcha-left forminator-g-recaptcha recaptcha-invisible\" data-theme=\"light\" data-badge=\"bottomright\" data-sitekey=\"6LcZZgssAAAAAJ6epIECPYZlQgPUA-H2vQ3uidtr\" data-size=\"invisible\"><\/div> <\/div><\/div><input type=\"hidden\" name=\"referer_url\" value=\"\" \/><div class=\"forminator-row forminator-row-last\"><div class=\"forminator-col\"><div class=\"forminator-field\"><button class=\"forminator-button forminator-button-submit\">Send<\/button><\/div><\/div><\/div><input type=\"hidden\" id=\"forminator_nonce\" name=\"forminator_nonce\" value=\"7bc923b7d5\" \/><input type=\"hidden\" name=\"_wp_http_referer\" value=\"\/en\/wp-json\/wp\/v2\/pages\/37139\" \/><input type=\"hidden\" name=\"form_id\" value=\"47\"><input type=\"hidden\" name=\"page_id\" value=\"37139\"><input type=\"hidden\" name=\"form_type\" value=\"default\"><input type=\"hidden\" name=\"current_url\" value=\"https:\/\/centrokiroma.com\/en\/contacto\/\"><input type=\"hidden\" name=\"render_id\" value=\"0\"><input type=\"hidden\" name=\"action\" value=\"forminator_submit_form_custom-forms\"><input type=\"hidden\" name=\"trp-form-language\" value=\"en\"\/><\/form><\/div>\r\n\t\t<\/div>\t\t\t\t<\/div>\n\t\t\t\t<\/div>\n\t\t\t\t\t<\/div>\n\t\t\t\t<\/div>\n\t\t\t\t<\/div>","protected":false},"excerpt":{"rendered":"<p>Contacto Direcci\u00f3n: Plaza Constituci\u00f3n, 8 Loc. 3, C.P 08191, Rubi, Barcelona Horario: Lunes a viernes 17:30 \u2013 20:00 S\u00e1bados 9:30 \u2013 13:30 Domingos cerrados T\u00e9lefono: 640 98 95 39 Estamos aqu\u00ed para ti Si tienes alguna duda, necesitas orientaci\u00f3n sobre qu\u00e9 tratamiento elegir o simplemente quieres reservar tu cita por tel\u00e9fono, estaremos encantados de atenderte.<\/p>","protected":false},"author":1,"featured_media":0,"parent":0,"menu_order":3,"comment_status":"closed","ping_status":"closed","template":"","meta":{"_acf_changed":false,"footnotes":""},"class_list":["post-37139","page","type-page","status-publish","hentry"],"acf":[],"yoast_head":"<!-- This site is optimized with the Yoast SEO Premium plugin v26.6 (Yoast SEO v26.6) - https:\/\/yoast.com\/wordpress\/plugins\/seo\/ -->\n<title>Contacto - Centro Kiroma<\/title>\n<meta name=\"robots\" content=\"index, follow, max-snippet:-1, max-image-preview:large, max-video-preview:-1\" \/>\n<link rel=\"canonical\" href=\"https:\/\/centrokiroma.com\/en\/contacto\/\" \/>\n<meta property=\"og:locale\" content=\"en_GB\" \/>\n<meta property=\"og:type\" content=\"article\" \/>\n<meta property=\"og:title\" content=\"Contacto\" \/>\n<meta property=\"og:description\" content=\"Contacto Direcci\u00f3n: Plaza Constituci\u00f3n, 8 Loc. 3, C.P 08191, Rubi, Barcelona Horario: Lunes a viernes 17:30 \u2013 20:00 S\u00e1bados 9:30 \u2013 13:30 Domingos cerrados T\u00e9lefono: 640 98 95 39 Estamos aqu\u00ed para ti Si tienes alguna duda, necesitas orientaci\u00f3n sobre qu\u00e9 tratamiento elegir o simplemente quieres reservar tu cita por tel\u00e9fono, estaremos encantados de atenderte.\" \/>\n<meta property=\"og:url\" content=\"https:\/\/centrokiroma.com\/en\/contacto\/\" \/>\n<meta property=\"og:site_name\" content=\"Centro Kiroma\" \/>\n<meta property=\"article:modified_time\" content=\"2026-01-07T17:39:04+00:00\" \/>\n<meta property=\"og:image\" content=\"https:\/\/centrokiroma.com\/wp-content\/uploads\/2025\/11\/WhatsApp-Image-2025-11-20-at-12.39.53.jpeg\" \/>\n\t<meta property=\"og:image:width\" content=\"1530\" \/>\n\t<meta property=\"og:image:height\" content=\"2040\" \/>\n\t<meta property=\"og:image:type\" content=\"image\/jpeg\" \/>\n<meta name=\"twitter:card\" content=\"summary_large_image\" \/>\n<meta name=\"twitter:label1\" content=\"Estimated reading time\" \/>\n\t<meta name=\"twitter:data1\" content=\"1 minute\" \/>\n<script type=\"application\/ld+json\" class=\"yoast-schema-graph\">{\"@context\":\"https:\/\/schema.org\",\"@graph\":[{\"@type\":\"WebPage\",\"@id\":\"https:\/\/centrokiroma.com\/contacto\/\",\"url\":\"https:\/\/centrokiroma.com\/contacto\/\",\"name\":\"Contacto - Centro Kiroma\",\"isPartOf\":{\"@id\":\"https:\/\/centrokiroma.com\/#website\"},\"primaryImageOfPage\":{\"@id\":\"https:\/\/centrokiroma.com\/contacto\/#primaryimage\"},\"image\":{\"@id\":\"https:\/\/centrokiroma.com\/contacto\/#primaryimage\"},\"thumbnailUrl\":\"https:\/\/centrokiroma.com\/wp-content\/uploads\/2025\/11\/WhatsApp-Image-2025-11-20-at-12.39.53.jpeg\",\"datePublished\":\"2020-05-16T09:01:45+00:00\",\"dateModified\":\"2026-01-07T17:39:04+00:00\",\"breadcrumb\":{\"@id\":\"https:\/\/centrokiroma.com\/contacto\/#breadcrumb\"},\"inLanguage\":\"en-GB\",\"potentialAction\":[{\"@type\":\"ReadAction\",\"target\":[\"https:\/\/centrokiroma.com\/contacto\/\"]}]},{\"@type\":\"ImageObject\",\"inLanguage\":\"en-GB\",\"@id\":\"https:\/\/centrokiroma.com\/contacto\/#primaryimage\",\"url\":\"https:\/\/centrokiroma.com\/wp-content\/uploads\/2025\/11\/WhatsApp-Image-2025-11-20-at-12.39.53.jpeg\",\"contentUrl\":\"https:\/\/centrokiroma.com\/wp-content\/uploads\/2025\/11\/WhatsApp-Image-2025-11-20-at-12.39.53.jpeg\"},{\"@type\":\"BreadcrumbList\",\"@id\":\"https:\/\/centrokiroma.com\/contacto\/#breadcrumb\",\"itemListElement\":[{\"@type\":\"ListItem\",\"position\":1,\"name\":\"Portada\",\"item\":\"https:\/\/centrokiroma.com\/\"},{\"@type\":\"ListItem\",\"position\":2,\"name\":\"Contacto\"}]},{\"@type\":\"WebSite\",\"@id\":\"https:\/\/centrokiroma.com\/#website\",\"url\":\"https:\/\/centrokiroma.com\/\",\"name\":\"Kiroma - Centre de massatges | Est\u00e8tica les torres\",\"description\":\"A Kiroma creiem en l\u2019equilibri entre cos, ment i benestar emocional. Cada tractament est\u00e0 dissenyat per connectar amb tu, alleujar tensions i cuidar la bellesa des de la calma.\",\"alternateName\":\"Kiroma - Massatges & Est\u00e8tica\",\"potentialAction\":[{\"@type\":\"SearchAction\",\"target\":{\"@type\":\"EntryPoint\",\"urlTemplate\":\"https:\/\/centrokiroma.com\/?s={search_term_string}\"},\"query-input\":{\"@type\":\"PropertyValueSpecification\",\"valueRequired\":true,\"valueName\":\"search_term_string\"}}],\"inLanguage\":\"en-GB\"}]}<\/script>\n<!-- \/ Yoast SEO Premium plugin. -->","yoast_head_json":{"title":"Contacto - Centro Kiroma","robots":{"index":"index","follow":"follow","max-snippet":"max-snippet:-1","max-image-preview":"max-image-preview:large","max-video-preview":"max-video-preview:-1"},"canonical":"https:\/\/centrokiroma.com\/en\/contacto\/","og_locale":"en_GB","og_type":"article","og_title":"Contacto","og_description":"Contacto Direcci\u00f3n: Plaza Constituci\u00f3n, 8 Loc. 3, C.P 08191, Rubi, Barcelona Horario: Lunes a viernes 17:30 \u2013 20:00 S\u00e1bados 9:30 \u2013 13:30 Domingos cerrados T\u00e9lefono: 640 98 95 39 Estamos aqu\u00ed para ti Si tienes alguna duda, necesitas orientaci\u00f3n sobre qu\u00e9 tratamiento elegir o simplemente quieres reservar tu cita por tel\u00e9fono, estaremos encantados de atenderte.","og_url":"https:\/\/centrokiroma.com\/en\/contacto\/","og_site_name":"Centro Kiroma","article_modified_time":"2026-01-07T17:39:04+00:00","og_image":[{"width":1530,"height":2040,"url":"https:\/\/centrokiroma.com\/wp-content\/uploads\/2025\/11\/WhatsApp-Image-2025-11-20-at-12.39.53.jpeg","type":"image\/jpeg"}],"twitter_card":"summary_large_image","twitter_misc":{"Estimated reading time":"1 minute"},"schema":{"@context":"https:\/\/schema.org","@graph":[{"@type":"WebPage","@id":"https:\/\/centrokiroma.com\/contacto\/","url":"https:\/\/centrokiroma.com\/contacto\/","name":"Contacto - Centro Kiroma","isPartOf":{"@id":"https:\/\/centrokiroma.com\/#website"},"primaryImageOfPage":{"@id":"https:\/\/centrokiroma.com\/contacto\/#primaryimage"},"image":{"@id":"https:\/\/centrokiroma.com\/contacto\/#primaryimage"},"thumbnailUrl":"https:\/\/centrokiroma.com\/wp-content\/uploads\/2025\/11\/WhatsApp-Image-2025-11-20-at-12.39.53.jpeg","datePublished":"2020-05-16T09:01:45+00:00","dateModified":"2026-01-07T17:39:04+00:00","breadcrumb":{"@id":"https:\/\/centrokiroma.com\/contacto\/#breadcrumb"},"inLanguage":"en-GB","potentialAction":[{"@type":"ReadAction","target":["https:\/\/centrokiroma.com\/contacto\/"]}]},{"@type":"ImageObject","inLanguage":"en-GB","@id":"https:\/\/centrokiroma.com\/contacto\/#primaryimage","url":"https:\/\/centrokiroma.com\/wp-content\/uploads\/2025\/11\/WhatsApp-Image-2025-11-20-at-12.39.53.jpeg","contentUrl":"https:\/\/centrokiroma.com\/wp-content\/uploads\/2025\/11\/WhatsApp-Image-2025-11-20-at-12.39.53.jpeg"},{"@type":"BreadcrumbList","@id":"https:\/\/centrokiroma.com\/contacto\/#breadcrumb","itemListElement":[{"@type":"ListItem","position":1,"name":"Portada","item":"https:\/\/centrokiroma.com\/"},{"@type":"ListItem","position":2,"name":"Contacto"}]},{"@type":"WebSite","@id":"https:\/\/centrokiroma.com\/#website","url":"https:\/\/centrokiroma.com\/","name":"Kiroma - Centre de massatges | Est\u00e8tica les torres","description":"A Kiroma creiem en l\u2019equilibri entre cos, ment i benestar emocional. Cada tractament est\u00e0 dissenyat per connectar amb tu, alleujar tensions i cuidar la bellesa des de la calma.","alternateName":"Kiroma - Massatges & Est\u00e8tica","potentialAction":[{"@type":"SearchAction","target":{"@type":"EntryPoint","urlTemplate":"https:\/\/centrokiroma.com\/?s={search_term_string}"},"query-input":{"@type":"PropertyValueSpecification","valueRequired":true,"valueName":"search_term_string"}}],"inLanguage":"en-GB"}]}},"_links":{"self":[{"href":"https:\/\/centrokiroma.com\/en\/wp-json\/wp\/v2\/pages\/37139","targetHints":{"allow":["GET"]}}],"collection":[{"href":"https:\/\/centrokiroma.com\/en\/wp-json\/wp\/v2\/pages"}],"about":[{"href":"https:\/\/centrokiroma.com\/en\/wp-json\/wp\/v2\/types\/page"}],"author":[{"embeddable":true,"href":"https:\/\/centrokiroma.com\/en\/wp-json\/wp\/v2\/users\/1"}],"replies":[{"embeddable":true,"href":"https:\/\/centrokiroma.com\/en\/wp-json\/wp\/v2\/comments?post=37139"}],"version-history":[{"count":1,"href":"https:\/\/centrokiroma.com\/en\/wp-json\/wp\/v2\/pages\/37139\/revisions"}],"predecessor-version":[{"id":51877,"href":"https:\/\/centrokiroma.com\/en\/wp-json\/wp\/v2\/pages\/37139\/revisions\/51877"}],"wp:attachment":[{"href":"https:\/\/centrokiroma.com\/en\/wp-json\/wp\/v2\/media?parent=37139"}],"curies":[{"name":"wp","href":"https:\/\/api.w.org\/{rel}","templated":true}]}}